{"id":1167,"date":"2025-09-22T16:40:27","date_gmt":"2025-09-22T14:40:27","guid":{"rendered":"https:\/\/avecsoimaime71.fr\/secu01\/?page_id=1167"},"modified":"2026-01-25T14:49:05","modified_gmt":"2026-01-25T13:49:05","slug":"me-ressourcer","status":"publish","type":"page","link":"https:\/\/avecsoimaime71.com\/site\/vos-besoins\/me-ressourcer\/","title":{"rendered":"Me ressourcer"},"content":{"rendered":"\t\t<div data-elementor-type=\"wp-page\" data-elementor-id=\"1167\" class=\"elementor elementor-1167\">\n\t\t\t\t<div class=\"elementor-element elementor-element-8c60dc8 e-flex e-con-boxed e-con e-parent\" data-id=\"8c60dc8\" data-element_type=\"container\" data-e-type=\"container\">\n\t\t\t\t\t<div class=\"e-con-inner\">\n\t\t<div class=\"elementor-element elementor-element-6a2c21d e-con-full e-flex e-con e-child\" data-id=\"6a2c21d\" data-element_type=\"container\" data-e-type=\"container\">\n\t\t\t\t<div class=\"elementor-element elementor-element-638b5a6 elementor-widget elementor-widget-text-editor\" data-id=\"638b5a6\" data-element_type=\"widget\" data-e-type=\"widget\" data-widget_type=\"text-editor.default\">\n\t\t\t\t\t\t\t\t\t<p>Prendre soin de soi est essentiel pour mieux accompagner son enfant.<\/p><p>Entre Ateliers bien-\u00eatre, Kf\u00e9blabla, Instants partag\u00e9s ou Accompagnement administratif, d\u00e9couvrez diff\u00e9rentes fa\u00e7ons de vous ressourcer et de reprendre souffle au quotidien.\u00a0<\/p>\t\t\t\t\t\t\t\t<\/div>\n\t\t\t\t<div class=\"elementor-element elementor-element-d412411 elementor-widget elementor-widget-text-editor\" data-id=\"d412411\" data-element_type=\"widget\" data-e-type=\"widget\" data-widget_type=\"text-editor.default\">\n\t\t\t\t\t\t\t\t\t<h3><a title=\"Nos actions\" href=\"https:\/\/avecsoimaime71.com\/nos-actions\/\">Nos actions<\/a><\/h3><ul><li><h3><a title=\"Ateliers bien -\u00eatre\" href=\"https:\/\/avecsoimaime71.com\/ateliers-bien-etre\/\">Ateliers Bien-\u00eatre<\/a><\/h3><\/li><li><h3><a title=\"\u00c9coute\" href=\"https:\/\/avecsoimaime71.com\/nos-actions\/ecoute\/\">\u00c9coute<\/a><\/h3><\/li><li><h3><a title=\"Accompagnement\" href=\"https:\/\/avecsoimaime71.com\/nos-actions\/accompagnement\/\">Accompagnement<\/a><\/h3><\/li><li><h3><a title=\"Parentalit\u00e9\" href=\"https:\/\/avecsoimaime71.com\/nos-actions\/parentalite\/\">Parentalit\u00e9<\/a><\/h3><\/li><li><h3><a title=\"Sensibilisation\" href=\"https:\/\/avecsoimaime71.com\/vos-besoins\/me-ressourcer\/sensibilisation\/\">Sensibilisation<\/a><\/h3><\/li><li><h3><a title=\"Formation\" href=\"https:\/\/avecsoimaime71.com\/formation\/\">Formation<\/a><\/h3><\/li><\/ul>\t\t\t\t\t\t\t\t<\/div>\n\t\t\t\t<\/div>\n\t\t\t\t\t<\/div>\n\t\t\t\t<\/div>\n\t\t<div class=\"elementor-element elementor-element-c34f876 e-flex e-con-boxed e-con e-parent\" data-id=\"c34f876\" data-element_type=\"container\" data-e-type=\"container\">\n\t\t\t\t\t<div class=\"e-con-inner\">\n\t\t<div class=\"elementor-element elementor-element-8abf515 e-con-full e-flex e-con e-child\" data-id=\"8abf515\" data-element_type=\"container\" data-e-type=\"container\">\n\t\t<div class=\"elementor-element elementor-element-e12540f e-con-full e-flex e-con e-child\" data-id=\"e12540f\" data-element_type=\"container\" data-e-type=\"container\">\n\t\t\t\t<div class=\"elementor-element elementor-element-2b4c60c elementor-widget elementor-widget-image\" data-id=\"2b4c60c\" data-element_type=\"widget\" data-e-type=\"widget\" data-widget_type=\"image.default\">\n\t\t\t\t\t\t\t\t\t\t\t\t\t\t\t<img fetchpriority=\"high\" decoding=\"async\" width=\"612\" height=\"408\" src=\"https:\/\/avecsoimaime71.com\/site\/wp-content\/uploads\/2026\/01\/VOS-BESOINS-ME-RESSOURCER-1.jpg\" class=\"attachment-large size-large wp-image-8249\" alt=\"\" srcset=\"https:\/\/avecsoimaime71.com\/site\/wp-content\/uploads\/2026\/01\/VOS-BESOINS-ME-RESSOURCER-1.jpg 612w, https:\/\/avecsoimaime71.com\/site\/wp-content\/uploads\/2026\/01\/VOS-BESOINS-ME-RESSOURCER-1-300x200.jpg 300w\" sizes=\"(max-width: 612px) 100vw, 612px\" \/>\t\t\t\t\t\t\t\t\t\t\t\t\t\t\t<\/div>\n\t\t\t\t<div class=\"elementor-element elementor-element-cb851e7 elementor-widget elementor-widget-spacer\" data-id=\"cb851e7\" data-element_type=\"widget\" data-e-type=\"widget\" data-widget_type=\"spacer.default\">\n\t\t\t\t\t\t\t<div class=\"elementor-spacer\">\n\t\t\t<div class=\"elementor-spacer-inner\"><\/div>\n\t\t<\/div>\n\t\t\t\t\t\t<\/div>\n\t\t\t\t<\/div>\n\t\t\t\t<\/div>\n\t\t\t\t\t<\/div>\n\t\t\t\t<\/div>\n\t\t\t\t<\/div>\n\t\t","protected":false},"excerpt":{"rendered":"<p>Prendre soin de soi est essentiel pour mieux accompagner son enfant. Entre Ateliers bien-\u00eatre, Kf\u00e9blabla, Instants partag\u00e9s ou Accompagnement administratif, [&hellip;]<\/p>\n","protected":false},"author":1,"featured_media":0,"parent":1118,"menu_order":1,"comment_status":"closed","ping_status":"closed","template":"","meta":{"site-sidebar-layout":"right-sidebar","site-content-layout":"","ast-site-content-layout":"default","site-content-style":"default","site-sidebar-style":"default","ast-global-header-display":"","ast-banner-title-visibility":"","ast-main-header-display":"","ast-hfb-above-header-display":"","ast-hfb-below-header-display":"","ast-hfb-mobile-header-display":"","site-post-title":"","ast-breadcrumbs-content":"","ast-featured-img":"","footer-sml-layout":"","ast-disable-related-posts":"","theme-transparent-header-meta":"default","adv-header-id-meta":"","stick-header-meta":"","header-above-stick-meta":"","header-main-stick-meta":"","header-below-stick-meta":"","astra-migrate-meta-layouts":"set","ast-page-background-enabled":"default","ast-page-background-meta":{"desktop":{"background-color":"var(--ast-global-color-5)","background-image":"","background-repeat":"repeat","background-position":"center center","background-size":"auto","background-attachment":"scroll","background-type":"","background-media":"","overlay-type":"","overlay-color":"","overlay-opacity":"","overlay-gradient":""},"tablet":{"background-color":"","background-image":"","background-repeat":"repeat","background-position":"center center","background-size":"auto","background-attachment":"scroll","background-type":"","background-media":"","overlay-type":"","overlay-color":"","overlay-opacity":"","overlay-gradient":""},"mobile":{"background-color":"","background-image":"","background-repeat":"repeat","background-position":"center center","background-size":"auto","background-attachment":"scroll","background-type":"","background-media":"","overlay-type":"","overlay-color":"","overlay-opacity":"","overlay-gradient":""}},"ast-content-background-meta":{"desktop":{"background-color":"var(--ast-global-color-4)","background-image":"","background-repeat":"repeat","background-position":"center center","background-size":"auto","background-attachment":"scroll","background-type":"","background-media":"","overlay-type":"","overlay-color":"","overlay-opacity":"","overlay-gradient":""},"tablet":{"background-color":"var(--ast-global-color-4)","background-image":"","background-repeat":"repeat","background-position":"center center","background-size":"auto","background-attachment":"scroll","background-type":"","background-media":"","overlay-type":"","overlay-color":"","overlay-opacity":"","overlay-gradient":""},"mobile":{"background-color":"var(--ast-global-color-4)","background-image":"","background-repeat":"repeat","background-position":"center center","background-size":"auto","background-attachment":"scroll","background-type":"","background-media":"","overlay-type":"","overlay-color":"","overlay-opacity":"","overlay-gradient":""}},"footnotes":""},"categories":[],"tags":[],"class_list":["post-1167","page","type-page","status-publish","hentry"],"_links":{"self":[{"href":"https:\/\/avecsoimaime71.com\/site\/wp-json\/wp\/v2\/pages\/1167","targetHints":{"allow":["GET"]}}],"collection":[{"href":"https:\/\/avecsoimaime71.com\/site\/wp-json\/wp\/v2\/pages"}],"about":[{"href":"https:\/\/avecsoimaime71.com\/site\/wp-json\/wp\/v2\/types\/page"}],"author":[{"embeddable":true,"href":"https:\/\/avecsoimaime71.com\/site\/wp-json\/wp\/v2\/users\/1"}],"replies":[{"embeddable":true,"href":"https:\/\/avecsoimaime71.com\/site\/wp-json\/wp\/v2\/comments?post=1167"}],"version-history":[{"count":5,"href":"https:\/\/avecsoimaime71.com\/site\/wp-json\/wp\/v2\/pages\/1167\/revisions"}],"predecessor-version":[{"id":8252,"href":"https:\/\/avecsoimaime71.com\/site\/wp-json\/wp\/v2\/pages\/1167\/revisions\/8252"}],"up":[{"embeddable":true,"href":"https:\/\/avecsoimaime71.com\/site\/wp-json\/wp\/v2\/pages\/1118"}],"wp:attachment":[{"href":"https:\/\/avecsoimaime71.com\/site\/wp-json\/wp\/v2\/media?parent=1167"}],"wp:term":[{"taxonomy":"category","embeddable":true,"href":"https:\/\/avecsoimaime71.com\/site\/wp-json\/wp\/v2\/categories?post=1167"},{"taxonomy":"post_tag","embeddable":true,"href":"https:\/\/avecsoimaime71.com\/site\/wp-json\/wp\/v2\/tags?post=1167"}],"curies":[{"name":"wp","href":"https:\/\/api.w.org\/{rel}","templated":true}]}}