{"id":1213,"date":"2025-09-22T17:27:27","date_gmt":"2025-09-22T15:27:27","guid":{"rendered":"https:\/\/avecsoimaime71.fr\/secu01\/?page_id=1213"},"modified":"2025-11-29T22:25:29","modified_gmt":"2025-11-29T21:25:29","slug":"bien-etre","status":"publish","type":"page","link":"https:\/\/avecsoimaime71.com\/site\/bien-etre\/","title":{"rendered":"Bien-\u00catre"},"content":{"rendered":"\t\t<div data-elementor-type=\"wp-page\" data-elementor-id=\"1213\" class=\"elementor elementor-1213\">\n\t\t\t\t<div class=\"elementor-element elementor-element-d65ec31 e-flex e-con-boxed e-con e-parent\" data-id=\"d65ec31\" data-element_type=\"container\" data-e-type=\"container\">\n\t\t\t\t\t<div class=\"e-con-inner\">\n\t\t\t\t<div class=\"elementor-element elementor-element-e5aeeed elementor-widget elementor-widget-text-editor\" data-id=\"e5aeeed\" data-element_type=\"widget\" data-e-type=\"widget\" data-widget_type=\"text-editor.default\">\n\t\t\t\t\t\t\t\t\t<ul><li><h3><a href=\"https:\/\/avecsoimaime71.com\/site\/ateliers-bien-etre\/massage\/\">Massage<\/a><\/h3><\/li><li><h3><a href=\"https:\/\/avecsoimaime71.com\/site\/ateliers-bien-etre\/neurofeedback\/\">Neurofeedback<\/a><\/h3><\/li><li><h3><a href=\"https:\/\/avecsoimaime71.com\/site\/ateliers-bien-etre\/shiatsu\/\">Shiatsu<\/a><\/h3><\/li><li><h3><a href=\"https:\/\/avecsoimaime71.com\/site\/ateliers-bien-etre\/reflexometrie-plantaire\/\">R\u00e9fl\u00e9xom\u00e9trie plantaire<\/a><\/h3><\/li><li><h3><a href=\"https:\/\/avecsoimaime71.com\/site\/ateliers-bien-etre\/fasciatherapie\/\">Fasciath\u00e9rapie<\/a><\/h3><\/li><li><h3><a href=\"https:\/\/avecsoimaime71.com\/site\/ateliers-bien-etre\/massage-hama-assis\/\">Massage hama assis<\/a><\/h3><\/li><\/ul>\t\t\t\t\t\t\t\t<\/div>\n\t\t\t\t\t<\/div>\n\t\t\t\t<\/div>\n\t\t\t\t<\/div>\n\t\t","protected":false},"excerpt":{"rendered":"<p>Massage Neurofeedback Shiatsu R\u00e9fl\u00e9xom\u00e9trie plantaire Fasciath\u00e9rapie Massage hama assis<\/p>\n","protected":false},"author":1,"featured_media":0,"parent":0,"menu_order":1,"comment_status":"closed","ping_status":"closed","template":"","meta":{"site-sidebar-layout":"right-sidebar","site-content-layout":"","ast-site-content-layout":"default","site-content-style":"default","site-sidebar-style":"default","ast-global-header-display":"","ast-banner-title-visibility":"","ast-main-header-display":"","ast-hfb-above-header-display":"","ast-hfb-below-header-display":"","ast-hfb-mobile-header-display":"","site-post-title":"","ast-breadcrumbs-content":"","ast-featured-img":"","footer-sml-layout":"","ast-disable-related-posts":"","theme-transparent-header-meta":"default","adv-header-id-meta":"","stick-header-meta":"","header-above-stick-meta":"","header-main-stick-meta":"","header-below-stick-meta":"","astra-migrate-meta-layouts":"set","ast-page-background-enabled":"default","ast-page-background-meta":{"desktop":{"background-color":"var(--ast-global-color-5)","background-image":"","background-repeat":"repeat","background-position":"center center","background-size":"auto","background-attachment":"scroll","background-type":"","background-media":"","overlay-type":"","overlay-color":"","overlay-opacity":"","overlay-gradient":""},"tablet":{"background-color":"","background-image":"","background-repeat":"repeat","background-position":"center center","background-size":"auto","background-attachment":"scroll","background-type":"","background-media":"","overlay-type":"","overlay-color":"","overlay-opacity":"","overlay-gradient":""},"mobile":{"background-color":"","background-image":"","background-repeat":"repeat","background-position":"center center","background-size":"auto","background-attachment":"scroll","background-type":"","background-media":"","overlay-type":"","overlay-color":"","overlay-opacity":"","overlay-gradient":""}},"ast-content-background-meta":{"desktop":{"background-color":"var(--ast-global-color-4)","background-image":"","background-repeat":"repeat","background-position":"center center","background-size":"auto","background-attachment":"scroll","background-type":"","background-media":"","overlay-type":"","overlay-color":"","overlay-opacity":"","overlay-gradient":""},"tablet":{"background-color":"var(--ast-global-color-4)","background-image":"","background-repeat":"repeat","background-position":"center center","background-size":"auto","background-attachment":"scroll","background-type":"","background-media":"","overlay-type":"","overlay-color":"","overlay-opacity":"","overlay-gradient":""},"mobile":{"background-color":"var(--ast-global-color-4)","background-image":"","background-repeat":"repeat","background-position":"center center","background-size":"auto","background-attachment":"scroll","background-type":"","background-media":"","overlay-type":"","overlay-color":"","overlay-opacity":"","overlay-gradient":""}},"footnotes":""},"categories":[],"tags":[],"class_list":["post-1213","page","type-page","status-publish","hentry"],"_links":{"self":[{"href":"https:\/\/avecsoimaime71.com\/site\/wp-json\/wp\/v2\/pages\/1213","targetHints":{"allow":["GET"]}}],"collection":[{"href":"https:\/\/avecsoimaime71.com\/site\/wp-json\/wp\/v2\/pages"}],"about":[{"href":"https:\/\/avecsoimaime71.com\/site\/wp-json\/wp\/v2\/types\/page"}],"author":[{"embeddable":true,"href":"https:\/\/avecsoimaime71.com\/site\/wp-json\/wp\/v2\/users\/1"}],"replies":[{"embeddable":true,"href":"https:\/\/avecsoimaime71.com\/site\/wp-json\/wp\/v2\/comments?post=1213"}],"version-history":[{"count":2,"href":"https:\/\/avecsoimaime71.com\/site\/wp-json\/wp\/v2\/pages\/1213\/revisions"}],"predecessor-version":[{"id":7933,"href":"https:\/\/avecsoimaime71.com\/site\/wp-json\/wp\/v2\/pages\/1213\/revisions\/7933"}],"wp:attachment":[{"href":"https:\/\/avecsoimaime71.com\/site\/wp-json\/wp\/v2\/media?parent=1213"}],"wp:term":[{"taxonomy":"category","embeddable":true,"href":"https:\/\/avecsoimaime71.com\/site\/wp-json\/wp\/v2\/categories?post=1213"},{"taxonomy":"post_tag","embeddable":true,"href":"https:\/\/avecsoimaime71.com\/site\/wp-json\/wp\/v2\/tags?post=1213"}],"curies":[{"name":"wp","href":"https:\/\/api.w.org\/{rel}","templated":true}]}}