{"id":8206,"date":"2026-01-25T13:59:00","date_gmt":"2026-01-25T12:59:00","guid":{"rendered":"https:\/\/avecsoimaime71.com\/site\/?page_id=8206"},"modified":"2026-01-25T14:00:27","modified_gmt":"2026-01-25T13:00:27","slug":"nos-partenaires","status":"publish","type":"page","link":"https:\/\/avecsoimaime71.com\/site\/ressources\/nos-partenaires\/","title":{"rendered":"Nos Partenaires"},"content":{"rendered":"\t\t<div data-elementor-type=\"wp-page\" data-elementor-id=\"8206\" class=\"elementor elementor-8206\">\n\t\t\t\t<div class=\"elementor-element elementor-element-a4911b0 e-flex e-con-boxed e-con e-parent\" data-id=\"a4911b0\" data-element_type=\"container\" data-e-type=\"container\">\n\t\t\t\t\t<div class=\"e-con-inner\">\n\t\t<div class=\"elementor-element elementor-element-7572138 e-con-full e-flex e-con e-child\" data-id=\"7572138\" data-element_type=\"container\" data-e-type=\"container\">\n\t\t<div class=\"elementor-element elementor-element-c904699 e-con-full e-flex e-con e-child\" data-id=\"c904699\" data-element_type=\"container\" data-e-type=\"container\">\n\t\t\t\t<div class=\"elementor-element elementor-element-107f324 elementor-widget elementor-widget-spacer\" data-id=\"107f324\" data-element_type=\"widget\" data-e-type=\"widget\" data-widget_type=\"spacer.default\">\n\t\t\t\t\t\t\t<div class=\"elementor-spacer\">\n\t\t\t<div class=\"elementor-spacer-inner\"><\/div>\n\t\t<\/div>\n\t\t\t\t\t\t<\/div>\n\t\t\t\t<div class=\"elementor-element elementor-element-1afce8c elementor-widget elementor-widget-heading\" data-id=\"1afce8c\" data-element_type=\"widget\" data-e-type=\"widget\" data-widget_type=\"heading.default\">\n\t\t\t\t\t<h2 class=\"elementor-heading-title elementor-size-default\">Nos soutiens<\/h2>\t\t\t\t<\/div>\n\t\t\t\t<div class=\"elementor-element elementor-element-235c385 elementor-widget elementor-widget-spacer\" data-id=\"235c385\" data-element_type=\"widget\" data-e-type=\"widget\" data-widget_type=\"spacer.default\">\n\t\t\t\t\t\t\t<div class=\"elementor-spacer\">\n\t\t\t<div class=\"elementor-spacer-inner\"><\/div>\n\t\t<\/div>\n\t\t\t\t\t\t<\/div>\n\t\t<div class=\"elementor-element elementor-element-675348f e-con-full e-flex e-con e-child\" data-id=\"675348f\" data-element_type=\"container\" data-e-type=\"container\" data-settings=\"{&quot;background_background&quot;:&quot;classic&quot;}\">\n\t\t<div class=\"elementor-element elementor-element-10b56ae e-con-full e-flex e-con e-child\" data-id=\"10b56ae\" data-element_type=\"container\" data-e-type=\"container\">\n\t\t<div class=\"elementor-element elementor-element-280ede7 e-con-full e-flex e-con e-child\" data-id=\"280ede7\" data-element_type=\"container\" data-e-type=\"container\" data-settings=\"{&quot;background_background&quot;:&quot;classic&quot;}\">\n\t\t<div class=\"elementor-element elementor-element-9245b65 e-con-full e-flex e-con e-child\" data-id=\"9245b65\" data-element_type=\"container\" data-e-type=\"container\">\n\t\t\t\t<div class=\"elementor-element elementor-element-4ec3175 elementor-widget elementor-widget-image\" data-id=\"4ec3175\" data-element_type=\"widget\" data-e-type=\"widget\" data-widget_type=\"image.default\">\n\t\t\t\t\t\t\t\t\t\t\t\t\t\t\t\t<a href=\"https:\/\/www.fondation-macif.org\/\">\n\t\t\t\t\t\t\t<img fetchpriority=\"high\" decoding=\"async\" width=\"1024\" height=\"1006\" src=\"https:\/\/avecsoimaime71.com\/site\/wp-content\/uploads\/2026\/01\/macif-logo-1024x1006.png\" class=\"attachment-large size-large wp-image-8208\" alt=\"\" srcset=\"https:\/\/avecsoimaime71.com\/site\/wp-content\/uploads\/2026\/01\/macif-logo-1024x1006.png 1024w, https:\/\/avecsoimaime71.com\/site\/wp-content\/uploads\/2026\/01\/macif-logo-300x295.png 300w, https:\/\/avecsoimaime71.com\/site\/wp-content\/uploads\/2026\/01\/macif-logo-768x755.png 768w, https:\/\/avecsoimaime71.com\/site\/wp-content\/uploads\/2026\/01\/macif-logo.png 1200w\" sizes=\"(max-width: 1024px) 100vw, 1024px\" \/>\t\t\t\t\t\t\t\t<\/a>\n\t\t\t\t\t\t\t\t\t\t\t\t\t\t\t<\/div>\n\t\t\t\t<div class=\"elementor-element elementor-element-1337df5 elementor-widget elementor-widget-heading\" data-id=\"1337df5\" data-element_type=\"widget\" data-e-type=\"widget\" data-widget_type=\"heading.default\">\n\t\t\t\t\t<h6 class=\"elementor-heading-title elementor-size-default\"><a href=\"https:\/\/www.fondation-macif.org\/\">Fondation<br>MACIF<\/a><\/h6>\t\t\t\t<\/div>\n\t\t\t\t<\/div>\n\t\t\t\t<\/div>\n\t\t\t\t<\/div>\n\t\t<div class=\"elementor-element elementor-element-f30de61 e-con-full e-flex e-con e-child\" data-id=\"f30de61\" data-element_type=\"container\" data-e-type=\"container\">\n\t\t<div class=\"elementor-element elementor-element-3738115 e-con-full e-flex e-con e-child\" data-id=\"3738115\" data-element_type=\"container\" data-e-type=\"container\" data-settings=\"{&quot;background_background&quot;:&quot;classic&quot;}\">\n\t\t<div class=\"elementor-element elementor-element-925a434 e-con-full e-flex e-con e-child\" data-id=\"925a434\" data-element_type=\"container\" data-e-type=\"container\">\n\t\t\t\t<div class=\"elementor-element elementor-element-92c192a elementor-widget elementor-widget-image\" data-id=\"92c192a\" data-element_type=\"widget\" data-e-type=\"widget\" data-widget_type=\"image.default\">\n\t\t\t\t\t\t\t\t\t\t\t\t\t\t\t\t<a href=\"https:\/\/lecompteasso.associations.gouv.fr\/le-fonds-de-developpement-de-la-vie-associative-fdva\/\">\n\t\t\t\t\t\t\t<img decoding=\"async\" width=\"754\" height=\"512\" src=\"https:\/\/avecsoimaime71.com\/site\/wp-content\/uploads\/2026\/01\/cropped-FDVA-logo.png\" class=\"attachment-large size-large wp-image-8209\" alt=\"\" srcset=\"https:\/\/avecsoimaime71.com\/site\/wp-content\/uploads\/2026\/01\/cropped-FDVA-logo.png 754w, https:\/\/avecsoimaime71.com\/site\/wp-content\/uploads\/2026\/01\/cropped-FDVA-logo-300x204.png 300w\" sizes=\"(max-width: 754px) 100vw, 754px\" \/>\t\t\t\t\t\t\t\t<\/a>\n\t\t\t\t\t\t\t\t\t\t\t\t\t\t\t<\/div>\n\t\t\t\t<div class=\"elementor-element elementor-element-9e7613b elementor-widget elementor-widget-heading\" data-id=\"9e7613b\" data-element_type=\"widget\" data-e-type=\"widget\" data-widget_type=\"heading.default\">\n\t\t\t\t\t<h6 class=\"elementor-heading-title elementor-size-default\"><a href=\"https:\/\/lecompteasso.associations.gouv.fr\/le-fonds-de-developpement-de-la-vie-associative-fdva\/\">Fonds de d\u00e9veloppement<br>de la vie associative<\/a><\/h6>\t\t\t\t<\/div>\n\t\t\t\t<\/div>\n\t\t\t\t<\/div>\n\t\t\t\t<\/div>\n\t\t<div class=\"elementor-element elementor-element-c511bea e-con-full e-flex e-con e-child\" data-id=\"c511bea\" data-element_type=\"container\" data-e-type=\"container\">\n\t\t<div class=\"elementor-element elementor-element-4824be3 e-con-full e-flex e-con e-child\" data-id=\"4824be3\" data-element_type=\"container\" data-e-type=\"container\" data-settings=\"{&quot;background_background&quot;:&quot;classic&quot;}\">\n\t\t<div class=\"elementor-element elementor-element-20c94cd e-con-full e-flex e-con e-child\" data-id=\"20c94cd\" data-element_type=\"container\" data-e-type=\"container\">\n\t\t\t\t<div class=\"elementor-element elementor-element-7caddb3 elementor-widget elementor-widget-image\" data-id=\"7caddb3\" data-element_type=\"widget\" data-e-type=\"widget\" data-widget_type=\"image.default\">\n\t\t\t\t\t\t\t\t\t\t\t\t\t\t\t\t<a href=\"https:\/\/www.macon.fr\/\">\n\t\t\t\t\t\t\t<img decoding=\"async\" width=\"428\" height=\"386\" src=\"https:\/\/avecsoimaime71.com\/site\/wp-content\/uploads\/2026\/01\/ville-de-macon-logo.png\" class=\"attachment-large size-large wp-image-8210\" alt=\"\" srcset=\"https:\/\/avecsoimaime71.com\/site\/wp-content\/uploads\/2026\/01\/ville-de-macon-logo.png 428w, https:\/\/avecsoimaime71.com\/site\/wp-content\/uploads\/2026\/01\/ville-de-macon-logo-300x271.png 300w\" sizes=\"(max-width: 428px) 100vw, 428px\" \/>\t\t\t\t\t\t\t\t<\/a>\n\t\t\t\t\t\t\t\t\t\t\t\t\t\t\t<\/div>\n\t\t\t\t<div class=\"elementor-element elementor-element-e694b29 elementor-widget elementor-widget-heading\" data-id=\"e694b29\" data-element_type=\"widget\" data-e-type=\"widget\" data-widget_type=\"heading.default\">\n\t\t\t\t\t<h6 class=\"elementor-heading-title elementor-size-default\"><a href=\"https:\/\/www.macon.fr\/\">Ville de<br>M\u00c2CON<\/a><\/h6>\t\t\t\t<\/div>\n\t\t\t\t<\/div>\n\t\t\t\t<\/div>\n\t\t\t\t<\/div>\n\t\t<div class=\"elementor-element elementor-element-019ddbb e-con-full e-flex e-con e-child\" data-id=\"019ddbb\" data-element_type=\"container\" data-e-type=\"container\">\n\t\t<div class=\"elementor-element elementor-element-e7c91f7 e-con-full e-flex e-con e-child\" data-id=\"e7c91f7\" data-element_type=\"container\" data-e-type=\"container\" data-settings=\"{&quot;background_background&quot;:&quot;classic&quot;}\">\n\t\t<div class=\"elementor-element elementor-element-bd628ce e-con-full e-flex e-con e-child\" data-id=\"bd628ce\" data-element_type=\"container\" data-e-type=\"container\">\n\t\t\t\t<div class=\"elementor-element elementor-element-8eb983b elementor-widget elementor-widget-image\" data-id=\"8eb983b\" data-element_type=\"widget\" data-e-type=\"widget\" data-widget_type=\"image.default\">\n\t\t\t\t\t\t\t\t\t\t\t\t\t\t\t\t<a href=\"https:\/\/www.credit-agricole.fr\/ca-centrest\/particulier.html\">\n\t\t\t\t\t\t\t<img loading=\"lazy\" decoding=\"async\" width=\"1024\" height=\"1014\" src=\"https:\/\/avecsoimaime71.com\/site\/wp-content\/uploads\/2026\/01\/CA-Centre-Est-Logo-scaled-1-1024x1014.png\" class=\"attachment-large size-large wp-image-8211\" alt=\"\" srcset=\"https:\/\/avecsoimaime71.com\/site\/wp-content\/uploads\/2026\/01\/CA-Centre-Est-Logo-scaled-1-1024x1014.png 1024w, https:\/\/avecsoimaime71.com\/site\/wp-content\/uploads\/2026\/01\/CA-Centre-Est-Logo-scaled-1-300x297.png 300w, https:\/\/avecsoimaime71.com\/site\/wp-content\/uploads\/2026\/01\/CA-Centre-Est-Logo-scaled-1-150x150.png 150w, https:\/\/avecsoimaime71.com\/site\/wp-content\/uploads\/2026\/01\/CA-Centre-Est-Logo-scaled-1-768x761.png 768w, https:\/\/avecsoimaime71.com\/site\/wp-content\/uploads\/2026\/01\/CA-Centre-Est-Logo-scaled-1-1536x1522.png 1536w, https:\/\/avecsoimaime71.com\/site\/wp-content\/uploads\/2026\/01\/CA-Centre-Est-Logo-scaled-1-2048x2029.png 2048w\" sizes=\"(max-width: 1024px) 100vw, 1024px\" \/>\t\t\t\t\t\t\t\t<\/a>\n\t\t\t\t\t\t\t\t\t\t\t\t\t\t\t<\/div>\n\t\t\t\t<div class=\"elementor-element elementor-element-4192c91 elementor-widget elementor-widget-heading\" data-id=\"4192c91\" data-element_type=\"widget\" data-e-type=\"widget\" data-widget_type=\"heading.default\">\n\t\t\t\t\t<h6 class=\"elementor-heading-title elementor-size-default\"><a href=\"https:\/\/www.credit-agricole.fr\/ca-centrest\/particulier.html\">Cr\u00e9dit Agricole<br>Centre Est\n<\/a><\/h6>\t\t\t\t<\/div>\n\t\t\t\t<\/div>\n\t\t\t\t<\/div>\n\t\t\t\t<\/div>\n\t\t<div class=\"elementor-element elementor-element-4c04ba9 e-con-full e-flex e-con e-child\" data-id=\"4c04ba9\" data-element_type=\"container\" data-e-type=\"container\" data-settings=\"{&quot;background_background&quot;:&quot;classic&quot;}\">\n\t\t<div class=\"elementor-element elementor-element-541d095 e-con-full e-flex e-con e-child\" data-id=\"541d095\" data-element_type=\"container\" data-e-type=\"container\" data-settings=\"{&quot;background_background&quot;:&quot;classic&quot;}\">\n\t\t<div class=\"elementor-element elementor-element-f1b7e59 e-con-full e-flex e-con e-child\" data-id=\"f1b7e59\" data-element_type=\"container\" data-e-type=\"container\" data-settings=\"{&quot;background_background&quot;:&quot;classic&quot;}\">\n\t\t\t\t<div class=\"elementor-element elementor-element-e957e40 elementor-widget elementor-widget-image\" data-id=\"e957e40\" data-element_type=\"widget\" data-e-type=\"widget\" data-widget_type=\"image.default\">\n\t\t\t\t\t\t\t\t\t\t\t\t\t\t\t\t<a href=\"https:\/\/www.facebook.com\/lesmarbettes?locale=fr_FR\">\n\t\t\t\t\t\t\t<img loading=\"lazy\" decoding=\"async\" width=\"1024\" height=\"582\" src=\"https:\/\/avecsoimaime71.com\/site\/wp-content\/uploads\/2026\/01\/cropped-cropped-asso-les-marblettes-logo-1024x582.png\" class=\"attachment-large size-large wp-image-8212\" alt=\"\" srcset=\"https:\/\/avecsoimaime71.com\/site\/wp-content\/uploads\/2026\/01\/cropped-cropped-asso-les-marblettes-logo-1024x582.png 1024w, https:\/\/avecsoimaime71.com\/site\/wp-content\/uploads\/2026\/01\/cropped-cropped-asso-les-marblettes-logo-300x171.png 300w, https:\/\/avecsoimaime71.com\/site\/wp-content\/uploads\/2026\/01\/cropped-cropped-asso-les-marblettes-logo-768x437.png 768w, https:\/\/avecsoimaime71.com\/site\/wp-content\/uploads\/2026\/01\/cropped-cropped-asso-les-marblettes-logo.png 1256w\" sizes=\"(max-width: 1024px) 100vw, 1024px\" \/>\t\t\t\t\t\t\t\t<\/a>\n\t\t\t\t\t\t\t\t\t\t\t\t\t\t\t<\/div>\n\t\t\t\t<div class=\"elementor-element elementor-element-af74b0c elementor-widget elementor-widget-heading\" data-id=\"af74b0c\" data-element_type=\"widget\" data-e-type=\"widget\" data-widget_type=\"heading.default\">\n\t\t\t\t\t<h6 class=\"elementor-heading-title elementor-size-default\"><a href=\"https:\/\/www.facebook.com\/lesmarbettes?locale=fr_FR\">Association<br>Les Marbettes<\/a><\/h6>\t\t\t\t<\/div>\n\t\t\t\t<\/div>\n\t\t\t\t<\/div>\n\t\t\t\t<\/div>\n\t\t\t\t<\/div>\n\t\t<div class=\"elementor-element elementor-element-c604502 e-con-full e-flex e-con e-child\" data-id=\"c604502\" data-element_type=\"container\" data-e-type=\"container\">\n\t\t\t\t<div class=\"elementor-element elementor-element-b4adcd9 elementor-widget elementor-widget-spacer\" data-id=\"b4adcd9\" data-element_type=\"widget\" data-e-type=\"widget\" data-widget_type=\"spacer.default\">\n\t\t\t\t\t\t\t<div class=\"elementor-spacer\">\n\t\t\t<div class=\"elementor-spacer-inner\"><\/div>\n\t\t<\/div>\n\t\t\t\t\t\t<\/div>\n\t\t\t\t<\/div>\n\t\t\t\t<\/div>\n\t\t\t\t<\/div>\n\t\t\t\t\t<\/div>\n\t\t\t\t<\/div>\n\t\t\t\t<\/div>\n\t\t","protected":false},"excerpt":{"rendered":"<p>Nos soutiens FondationMACIF Fonds de d\u00e9veloppementde la vie associative Ville deM\u00c2CON Cr\u00e9dit AgricoleCentre Est AssociationLes Marbettes<\/p>\n","protected":false},"author":1,"featured_media":0,"parent":894,"menu_order":7,"comment_status":"closed","ping_status":"closed","template":"","meta":{"site-sidebar-layout":"right-sidebar","site-content-layout":"","ast-site-content-layout":"full-width-container","site-content-style":"default","site-sidebar-style":"default","ast-global-header-display":"","ast-banner-title-visibility":"","ast-main-header-display":"","ast-hfb-above-header-display":"","ast-hfb-below-header-display":"","ast-hfb-mobile-header-display":"","site-post-title":"","ast-breadcrumbs-content":"","ast-featured-img":"disabled","footer-sml-layout":"","ast-disable-related-posts":"","theme-transparent-header-meta":"default","adv-header-id-meta":"","stick-header-meta":"","header-above-stick-meta":"","header-main-stick-meta":"","header-below-stick-meta":"","astra-migrate-meta-layouts":"set","ast-page-background-enabled":"default","ast-page-background-meta":{"desktop":{"background-color":"var(--ast-global-color-5)","background-image":"","background-repeat":"repeat","background-position":"center center","background-size":"auto","background-attachment":"scroll","background-type":"","background-media":"","overlay-type":"","overlay-color":"","overlay-opacity":"","overlay-gradient":""},"tablet":{"background-color":"","background-image":"","background-repeat":"repeat","background-position":"center center","background-size":"auto","background-attachment":"scroll","background-type":"","background-media":"","overlay-type":"","overlay-color":"","overlay-opacity":"","overlay-gradient":""},"mobile":{"background-color":"","background-image":"","background-repeat":"repeat","background-position":"center center","background-size":"auto","background-attachment":"scroll","background-type":"","background-media":"","overlay-type":"","overlay-color":"","overlay-opacity":"","overlay-gradient":""}},"ast-content-background-meta":{"desktop":{"background-color":"var(--ast-global-color-4)","background-image":"","background-repeat":"repeat","background-position":"center center","background-size":"auto","background-attachment":"scroll","background-type":"","background-media":"","overlay-type":"","overlay-color":"","overlay-opacity":"","overlay-gradient":""},"tablet":{"background-color":"var(--ast-global-color-4)","background-image":"","background-repeat":"repeat","background-position":"center center","background-size":"auto","background-attachment":"scroll","background-type":"","background-media":"","overlay-type":"","overlay-color":"","overlay-opacity":"","overlay-gradient":""},"mobile":{"background-color":"var(--ast-global-color-4)","background-image":"","background-repeat":"repeat","background-position":"center center","background-size":"auto","background-attachment":"scroll","background-type":"","background-media":"","overlay-type":"","overlay-color":"","overlay-opacity":"","overlay-gradient":""}},"footnotes":""},"categories":[],"tags":[],"class_list":["post-8206","page","type-page","status-publish","hentry"],"_links":{"self":[{"href":"https:\/\/avecsoimaime71.com\/site\/wp-json\/wp\/v2\/pages\/8206","targetHints":{"allow":["GET"]}}],"collection":[{"href":"https:\/\/avecsoimaime71.com\/site\/wp-json\/wp\/v2\/pages"}],"about":[{"href":"https:\/\/avecsoimaime71.com\/site\/wp-json\/wp\/v2\/types\/page"}],"author":[{"embeddable":true,"href":"https:\/\/avecsoimaime71.com\/site\/wp-json\/wp\/v2\/users\/1"}],"replies":[{"embeddable":true,"href":"https:\/\/avecsoimaime71.com\/site\/wp-json\/wp\/v2\/comments?post=8206"}],"version-history":[{"count":7,"href":"https:\/\/avecsoimaime71.com\/site\/wp-json\/wp\/v2\/pages\/8206\/revisions"}],"predecessor-version":[{"id":8218,"href":"https:\/\/avecsoimaime71.com\/site\/wp-json\/wp\/v2\/pages\/8206\/revisions\/8218"}],"up":[{"embeddable":true,"href":"https:\/\/avecsoimaime71.com\/site\/wp-json\/wp\/v2\/pages\/894"}],"wp:attachment":[{"href":"https:\/\/avecsoimaime71.com\/site\/wp-json\/wp\/v2\/media?parent=8206"}],"wp:term":[{"taxonomy":"category","embeddable":true,"href":"https:\/\/avecsoimaime71.com\/site\/wp-json\/wp\/v2\/categories?post=8206"},{"taxonomy":"post_tag","embeddable":true,"href":"https:\/\/avecsoimaime71.com\/site\/wp-json\/wp\/v2\/tags?post=8206"}],"curies":[{"name":"wp","href":"https:\/\/api.w.org\/{rel}","templated":true}]}}